{"id":76,"date":"2018-10-12T09:11:42","date_gmt":"2018-10-12T09:11:42","guid":{"rendered":"http:\/\/3citka.cz\/?page_id=76"},"modified":"2026-04-13T11:46:53","modified_gmt":"2026-04-13T11:46:53","slug":"jidelnicek","status":"publish","type":"page","link":"https:\/\/3citka.cz\/?page_id=76","title":{"rendered":"J\u00eddeln\u00ed\u010dek"},"content":{"rendered":"\n<div class=\"wp-block-file\"><a id=\"wp-block-file--media-ef93cb60-ce5c-4b33-9ca6-ba38bf8e969e\" href=\"https:\/\/3citka.cz\/wp-content\/uploads\/2026\/04\/DEPO-JL-8-13.4.-19.4.2026.pdf\">DEPO 8 13.4.-19.4.2026<\/a><a href=\"https:\/\/3citka.cz\/wp-content\/uploads\/2026\/04\/DEPO-JL-8-13.4.-19.4.2026.pdf\" class=\"wp-block-file__button wp-element-button\" download aria-describedby=\"wp-block-file--media-ef93cb60-ce5c-4b33-9ca6-ba38bf8e969e\">St\u00e1hnout<\/a><\/div>\n\n\n\n<div class=\"wp-block-file\"><a id=\"wp-block-file--media-b535b375-968c-4b67-9992-105332f31d66\" href=\"https:\/\/3citka.cz\/wp-content\/uploads\/2026\/04\/DEPO-JL-1-20.4.-26.4.2026.pdf\">DEPO 1  20.4.-26.4.2026<\/a><a href=\"https:\/\/3citka.cz\/wp-content\/uploads\/2026\/04\/DEPO-JL-1-20.4.-26.4.2026.pdf\" class=\"wp-block-file__button wp-element-button\" download aria-describedby=\"wp-block-file--media-b535b375-968c-4b67-9992-105332f31d66\">St\u00e1hnout<\/a><\/div>\n\n\n\n<p><\/p>\n","protected":false},"excerpt":{"rendered":"","protected":false},"author":2,"featured_media":0,"parent":0,"menu_order":0,"comment_status":"closed","ping_status":"closed","template":"","meta":{"spay_email":"","footnotes":""},"class_list":["post-76","page","type-page","status-publish","hentry"],"jetpack_shortlink":"https:\/\/wp.me\/PajIKd-1e","_links":{"self":[{"href":"https:\/\/3citka.cz\/index.php?rest_route=\/wp\/v2\/pages\/76","targetHints":{"allow":["GET"]}}],"collection":[{"href":"https:\/\/3citka.cz\/index.php?rest_route=\/wp\/v2\/pages"}],"about":[{"href":"https:\/\/3citka.cz\/index.php?rest_route=\/wp\/v2\/types\/page"}],"author":[{"embeddable":true,"href":"https:\/\/3citka.cz\/index.php?rest_route=\/wp\/v2\/users\/2"}],"replies":[{"embeddable":true,"href":"https:\/\/3citka.cz\/index.php?rest_route=%2Fwp%2Fv2%2Fcomments&post=76"}],"version-history":[{"count":455,"href":"https:\/\/3citka.cz\/index.php?rest_route=\/wp\/v2\/pages\/76\/revisions"}],"predecessor-version":[{"id":1466,"href":"https:\/\/3citka.cz\/index.php?rest_route=\/wp\/v2\/pages\/76\/revisions\/1466"}],"wp:attachment":[{"href":"https:\/\/3citka.cz\/index.php?rest_route=%2Fwp%2Fv2%2Fmedia&parent=76"}],"curies":[{"name":"wp","href":"https:\/\/api.w.org\/{rel}","templated":true}]}}