{"id":45,"date":"2018-10-12T08:24:39","date_gmt":"2018-10-12T08:24:39","guid":{"rendered":"http:\/\/3citka.cz\/?page_id=45"},"modified":"2018-10-12T08:28:50","modified_gmt":"2018-10-12T08:28:50","slug":"kontakt-otviraci-doba","status":"publish","type":"page","link":"https:\/\/3citka.cz\/?page_id=45","title":{"rendered":"Kontakt &#038; Otv\u00edrac\u00ed doba"},"content":{"rendered":"<p style=\"text-align: center;\">pond\u011bl\u00ed \u2013 p\u00e1tek<br \/>\n6:30 \u2013 14:00<\/p>\n<p style=\"text-align: center;\">sobota \u2013 ned\u011ble<br \/>\nzav\u0159eno<\/p>\n<div class=\"textwidget\">\n<p style=\"text-align: center;\">GSM: <a href=\"tel:+420737240643\">737 240 643<\/a><\/p>\n<p style=\"text-align: center;\">Are\u00e1l \u0160koda,<br \/>\nbudova Bammer Trade a.s.,<br \/>\nBorsk\u00e1 2964<br \/>\nPlze\u0148<\/p>\n<\/div>\n","protected":false},"excerpt":{"rendered":"<p>pond\u011bl\u00ed \u2013 p\u00e1tek 6:30 \u2013 14:00 sobota \u2013 ned\u011ble zav\u0159eno GSM: 737 240 643 Are\u00e1l \u0160koda, budova Bammer Trade a.s., Borsk\u00e1 2964 Plze\u0148<\/p>\n","protected":false},"author":1,"featured_media":0,"parent":0,"menu_order":0,"comment_status":"closed","ping_status":"closed","template":"page-templates\/template-full-width.php","meta":{"spay_email":"","footnotes":""},"class_list":["post-45","page","type-page","status-publish","hentry","pique-template-full-width"],"jetpack_shortlink":"https:\/\/wp.me\/PajIKd-J","_links":{"self":[{"href":"https:\/\/3citka.cz\/index.php?rest_route=\/wp\/v2\/pages\/45","targetHints":{"allow":["GET"]}}],"collection":[{"href":"https:\/\/3citka.cz\/index.php?rest_route=\/wp\/v2\/pages"}],"about":[{"href":"https:\/\/3citka.cz\/index.php?rest_route=\/wp\/v2\/types\/page"}],"author":[{"embeddable":true,"href":"https:\/\/3citka.cz\/index.php?rest_route=\/wp\/v2\/users\/1"}],"replies":[{"embeddable":true,"href":"https:\/\/3citka.cz\/index.php?rest_route=%2Fwp%2Fv2%2Fcomments&post=45"}],"version-history":[{"count":2,"href":"https:\/\/3citka.cz\/index.php?rest_route=\/wp\/v2\/pages\/45\/revisions"}],"predecessor-version":[{"id":52,"href":"https:\/\/3citka.cz\/index.php?rest_route=\/wp\/v2\/pages\/45\/revisions\/52"}],"wp:attachment":[{"href":"https:\/\/3citka.cz\/index.php?rest_route=%2Fwp%2Fv2%2Fmedia&parent=45"}],"curies":[{"name":"wp","href":"https:\/\/api.w.org\/{rel}","templated":true}]}}