{"id":136,"date":"2018-11-14T13:15:45","date_gmt":"2018-11-14T13:15:45","guid":{"rendered":"http:\/\/3citka.cz\/?page_id=136"},"modified":"2018-11-14T13:15:45","modified_gmt":"2018-11-14T13:15:45","slug":"zkusebni-jidelnicek","status":"publish","type":"page","link":"https:\/\/3citka.cz\/?page_id=136","title":{"rendered":"Zku\u0161ebn\u00ed j\u00eddeln\u00ed\u010dek"},"content":{"rendered":"\n<p>[tsc_jidelnicek]<\/p>\n","protected":false},"excerpt":{"rendered":"<p>[tsc_jidelnicek]<\/p>\n","protected":false},"author":1,"featured_media":0,"parent":0,"menu_order":0,"comment_status":"closed","ping_status":"closed","template":"","meta":{"spay_email":"","footnotes":""},"class_list":["post-136","page","type-page","status-publish","hentry"],"jetpack_shortlink":"https:\/\/wp.me\/PajIKd-2c","_links":{"self":[{"href":"https:\/\/3citka.cz\/index.php?rest_route=\/wp\/v2\/pages\/136","targetHints":{"allow":["GET"]}}],"collection":[{"href":"https:\/\/3citka.cz\/index.php?rest_route=\/wp\/v2\/pages"}],"about":[{"href":"https:\/\/3citka.cz\/index.php?rest_route=\/wp\/v2\/types\/page"}],"author":[{"embeddable":true,"href":"https:\/\/3citka.cz\/index.php?rest_route=\/wp\/v2\/users\/1"}],"replies":[{"embeddable":true,"href":"https:\/\/3citka.cz\/index.php?rest_route=%2Fwp%2Fv2%2Fcomments&post=136"}],"version-history":[{"count":1,"href":"https:\/\/3citka.cz\/index.php?rest_route=\/wp\/v2\/pages\/136\/revisions"}],"predecessor-version":[{"id":138,"href":"https:\/\/3citka.cz\/index.php?rest_route=\/wp\/v2\/pages\/136\/revisions\/138"}],"wp:attachment":[{"href":"https:\/\/3citka.cz\/index.php?rest_route=%2Fwp%2Fv2%2Fmedia&parent=136"}],"curies":[{"name":"wp","href":"https:\/\/api.w.org\/{rel}","templated":true}]}}